{"id":60127,"date":"2024-12-10T08:57:23","date_gmt":"2024-12-10T08:57:23","guid":{"rendered":"https:\/\/regenavida.com\/blog\/"},"modified":"2025-12-26T17:31:02","modified_gmt":"2025-12-26T17:31:02","slug":"blog","status":"publish","type":"page","link":"https:\/\/regenavida.com\/es\/blog\/","title":{"rendered":"Blog"},"content":{"rendered":"\t\t<div data-elementor-type=\"wp-page\" data-elementor-id=\"60127\" class=\"elementor elementor-60127 elementor-72\" data-elementor-post-type=\"page\">\n\t\t\t\t<div class=\"elementor-element elementor-element-8ed2ad9 e-flex e-con-boxed e-con e-parent\" data-id=\"8ed2ad9\" data-element_type=\"container\" data-e-type=\"container\" data-settings=\"{&quot;background_background&quot;:&quot;classic&quot;}\">\n\t\t\t\t\t<div class=\"e-con-inner\">\n\t\t\t\t<div class=\"elementor-element elementor-element-ea70696 elementor-icon-list--layout-inline elementor-list-item-link-full_width elementor-widget elementor-widget-icon-list\" data-id=\"ea70696\" data-element_type=\"widget\" data-e-type=\"widget\" data-widget_type=\"icon-list.default\">\n\t\t\t\t<div class=\"elementor-widget-container\">\n\t\t\t\t\t\t\t<ul class=\"elementor-icon-list-items elementor-inline-items\">\n\t\t\t\t\t\t\t<li class=\"elementor-icon-list-item elementor-inline-item\">\n\t\t\t\t\t\t\t\t\t\t\t<a href=\"https:\/\/regenavida.com\/es\/\">\n\n\t\t\t\t\t\t\t\t\t\t\t<span class=\"elementor-icon-list-text\">Inicio<\/span>\n\t\t\t\t\t\t\t\t\t\t\t<\/a>\n\t\t\t\t\t\t\t\t\t<\/li>\n\t\t\t\t\t\t\t\t<li class=\"elementor-icon-list-item elementor-inline-item\">\n\t\t\t\t\t\t\t\t\t\t\t<span class=\"elementor-icon-list-icon\">\n\t\t\t\t\t\t\t<svg aria-hidden=\"true\" class=\"e-font-icon-svg e-fas-chevron-right\" viewBox=\"0 0 320 512\" xmlns=\"http:\/\/www.w3.org\/2000\/svg\"><path d=\"M285.476 272.971L91.132 467.314c-9.373 9.373-24.569 9.373-33.941 0l-22.667-22.667c-9.357-9.357-9.375-24.522-.04-33.901L188.505 256 34.484 101.255c-9.335-9.379-9.317-24.544.04-33.901l22.667-22.667c9.373-9.373 24.569-9.373 33.941 0L285.475 239.03c9.373 9.372 9.373 24.568.001 33.941z\"><\/path><\/svg>\t\t\t\t\t\t<\/span>\n\t\t\t\t\t\t\t\t\t\t<span class=\"elementor-icon-list-text\">Blog<\/span>\n\t\t\t\t\t\t\t\t\t<\/li>\n\t\t\t\t\t\t<\/ul>\n\t\t\t\t\t\t<\/div>\n\t\t\t\t<\/div>\n\t\t\t\t\t<\/div>\n\t\t\t\t<\/div>\n\t\t<div class=\"elementor-element elementor-element-8d088f3 e-flex e-con-boxed e-con e-parent\" data-id=\"8d088f3\" data-element_type=\"container\" data-e-type=\"container\">\n\t\t\t\t\t<div class=\"e-con-inner\">\n\t\t<div class=\"elementor-element elementor-element-c9df0bc e-con-full e-flex e-con e-child\" data-id=\"c9df0bc\" data-element_type=\"container\" data-e-type=\"container\">\n\t\t<div class=\"elementor-element elementor-element-ece1512 e-con-full e-flex e-con e-child\" data-id=\"ece1512\" data-element_type=\"container\" data-e-type=\"container\">\n\t\t\t\t<div class=\"elementor-element elementor-element-e54fcb4 elementor-widget elementor-widget-heading\" data-id=\"e54fcb4\" data-element_type=\"widget\" data-e-type=\"widget\" data-widget_type=\"heading.default\">\n\t\t\t\t<div class=\"elementor-widget-container\">\n\t\t\t\t\t<h2 class=\"elementor-heading-title elementor-size-default\">Blog<\/h2>\t\t\t\t<\/div>\n\t\t\t\t<\/div>\n\t\t\t\t<\/div>\n\t\t<div class=\"elementor-element elementor-element-9aed38b e-con-full e-flex e-con e-child\" data-id=\"9aed38b\" data-element_type=\"container\" data-e-type=\"container\">\n\t\t\t\t<div class=\"elementor-element elementor-element-e99ea43 elementor-widget__width-initial elementor-widget elementor-widget-search\" data-id=\"e99ea43\" data-element_type=\"widget\" data-e-type=\"widget\" data-settings=\"{&quot;submit_trigger&quot;:&quot;click_submit&quot;,&quot;pagination_type_options&quot;:&quot;none&quot;}\" data-widget_type=\"search.default\">\n\t\t\t\t<div class=\"elementor-widget-container\">\n\t\t\t\t\t\t\t<search class=\"e-search hidden\" role=\"search\">\n\t\t\t<form class=\"e-search-form\" action=\"https:\/\/regenavida.com\/es\/\" method=\"get\">\n\n\t\t\t\t\n\t\t\t\t<label class=\"e-search-label\" for=\"search-e99ea43\">\n\t\t\t\t\t<span class=\"elementor-screen-only\">\n\t\t\t\t\t\tBuscar\t\t\t\t\t<\/span>\n\t\t\t\t\t\t\t\t\t<\/label>\n\n\t\t\t\t<div class=\"e-search-input-wrapper\">\n\t\t\t\t\t<input id=\"search-e99ea43\" placeholder=\"Buscar...\" class=\"e-search-input\" type=\"search\" name=\"s\" value=\"\" autocomplete=\"on\" role=\"combobox\" aria-autocomplete=\"list\" aria-expanded=\"false\" aria-controls=\"results-e99ea43\" aria-haspopup=\"listbox\">\n\t\t\t\t\t<svg aria-hidden=\"true\" class=\"e-font-icon-svg e-fas-times\" viewBox=\"0 0 352 512\" xmlns=\"http:\/\/www.w3.org\/2000\/svg\"><path d=\"M242.72 256l100.07-100.07c12.28-12.28 12.28-32.19 0-44.48l-22.24-22.24c-12.28-12.28-32.19-12.28-44.48 0L176 189.28 75.93 89.21c-12.28-12.28-32.19-12.28-44.48 0L9.21 111.45c-12.28 12.28-12.28 32.19 0 44.48L109.28 256 9.21 356.07c-12.28 12.28-12.28 32.19 0 44.48l22.24 22.24c12.28 12.28 32.2 12.28 44.48 0L176 322.72l100.07 100.07c12.28 12.28 32.2 12.28 44.48 0l22.24-22.24c12.28-12.28 12.28-32.19 0-44.48L242.72 256z\"><\/path><\/svg>\t\t\t\t\t\t\t\t\t\t<output id=\"results-e99ea43\" class=\"e-search-results-container hide-loader\" aria-live=\"polite\" aria-atomic=\"true\" aria-label=\"Resultados de b\u00fasqueda\" tabindex=\"0\">\n\t\t\t\t\t\t<div class=\"e-search-results\"><\/div>\n\t\t\t\t\t\t\t\t\t\t\t<\/output>\n\t\t\t\t\t\t\t\t\t<\/div>\n\t\t\t\t\n\t\t\t\t\n\t\t\t\t<button class=\"e-search-submit  \" type=\"submit\">\n\t\t\t\t\t\n\t\t\t\t\t\t\t\t\t\t<span class=\"\">\n\t\t\t\t\t\tBuscar\t\t\t\t\t<\/span>\n\t\t\t\t\t\t\t\t\t<\/button>\n\t\t\t\t<input type=\"hidden\" name=\"e_search_props\" value=\"e99ea43-60127\">\n\t\t\t<\/form>\n\t\t<\/search>\n\t\t\t\t\t\t<\/div>\n\t\t\t\t<\/div>\n\t\t\t\t<\/div>\n\t\t\t\t<div class=\"elementor-element elementor-element-09c8eeb elementor-grid-3 elementor-grid-tablet-2 elementor-grid-mobile-1 elementor-posts--thumbnail-top elementor-card-shadow-yes elementor-posts__hover-gradient elementor-widget elementor-widget-posts\" data-id=\"09c8eeb\" data-element_type=\"widget\" data-e-type=\"widget\" data-settings=\"{&quot;pagination_type&quot;:&quot;load_more_infinite_scroll&quot;,&quot;cards_columns&quot;:&quot;3&quot;,&quot;cards_columns_tablet&quot;:&quot;2&quot;,&quot;cards_columns_mobile&quot;:&quot;1&quot;,&quot;cards_row_gap&quot;:{&quot;unit&quot;:&quot;px&quot;,&quot;size&quot;:35,&quot;sizes&quot;:[]},&quot;cards_row_gap_tablet&quot;:{&quot;unit&quot;:&quot;px&quot;,&quot;size&quot;:&quot;&quot;,&quot;sizes&quot;:[]},&quot;cards_row_gap_mobile&quot;:{&quot;unit&quot;:&quot;px&quot;,&quot;size&quot;:&quot;&quot;,&quot;sizes&quot;:[]},&quot;load_more_spinner&quot;:{&quot;value&quot;:&quot;fas fa-spinner&quot;,&quot;library&quot;:&quot;fa-solid&quot;}}\" data-widget_type=\"posts.cards\">\n\t\t\t\t<div class=\"elementor-widget-container\">\n\t\t\t\t\t\t\t<div class=\"elementor-posts-container elementor-posts elementor-posts--skin-cards elementor-grid\" role=\"list\">\n\t\t\t\t<article class=\"elementor-post elementor-grid-item post-62043 post type-post status-publish format-standard has-post-thumbnail hentry category-recursos\" role=\"listitem\">\n\t\t\t<div class=\"elementor-post__card\">\n\t\t\t\t<a class=\"elementor-post__thumbnail__link\" href=\"https:\/\/regenavida.com\/es\/combinacion-del-tratamiento-con-celulas-madre-con-unas-vacaciones-en-playa-del-carmen\/\" tabindex=\"-1\"><div class=\"elementor-post__thumbnail\"><img fetchpriority=\"high\" decoding=\"async\" width=\"1280\" height=\"853\" src=\"https:\/\/regenavida.com\/wp-content\/uploads\/2026\/03\/1-1.jpg\" class=\"attachment-full size-full wp-image-62044\" alt=\"\" srcset=\"https:\/\/regenavida.com\/wp-content\/uploads\/2026\/03\/1-1.jpg 1280w, https:\/\/regenavida.com\/wp-content\/uploads\/2026\/03\/1-1-300x200.jpg 300w, https:\/\/regenavida.com\/wp-content\/uploads\/2026\/03\/1-1-1024x682.jpg 1024w, https:\/\/regenavida.com\/wp-content\/uploads\/2026\/03\/1-1-768x512.jpg 768w\" sizes=\"(max-width: 1280px) 100vw, 1280px\" \/><\/div><\/a>\n\t\t\t\t<div class=\"elementor-post__badge\">Recursos<\/div>\n\t\t\t\t<div class=\"elementor-post__text\">\n\t\t\t\t<h3 class=\"elementor-post__title\">\n\t\t\t<a href=\"https:\/\/regenavida.com\/es\/combinacion-del-tratamiento-con-celulas-madre-con-unas-vacaciones-en-playa-del-carmen\/\">\n\t\t\t\tCombinaci\u00f3n del tratamiento con c\u00e9lulas madre con unas vacaciones en Playa del Carmen\t\t\t<\/a>\n\t\t<\/h3>\n\t\t\t\t<div class=\"elementor-post__excerpt\">\n\t\t\t<p>Playa del Carmen es un incre\u00edble destino caribe\u00f1o que no solo ofrece aguas cristalinas y exuberantes paisajes selv\u00e1ticos, sino que tambi\u00e9n proporciona acceso a tratamientos<\/p>\n\t\t<\/div>\n\t\t\t\t<\/div>\n\t\t\t\t<div class=\"elementor-post__meta-data\">\n\t\t\t\t\t<span class=\"elementor-post-author\">\n\t\t\tRegenaVida\t\t<\/span>\n\t\t\t\t<span class=\"elementor-post-date\">\n\t\t\t6 de abril de 2026\t\t<\/span>\n\t\t\t\t<\/div>\n\t\t\t\t\t<\/div>\n\t\t<\/article>\n\t\t\t\t<article class=\"elementor-post elementor-grid-item post-62035 post type-post status-publish format-standard has-post-thumbnail hentry category-recursos\" role=\"listitem\">\n\t\t\t<div class=\"elementor-post__card\">\n\t\t\t\t<a class=\"elementor-post__thumbnail__link\" href=\"https:\/\/regenavida.com\/es\/por-que-los-turistas-medicos-eligen-tijuana-para-la-terapia-con-celulas-madre\/\" tabindex=\"-1\"><div class=\"elementor-post__thumbnail\"><img decoding=\"async\" width=\"1280\" height=\"853\" src=\"https:\/\/regenavida.com\/wp-content\/uploads\/2026\/03\/1.jpg\" class=\"attachment-full size-full wp-image-62036\" alt=\"\" srcset=\"https:\/\/regenavida.com\/wp-content\/uploads\/2026\/03\/1.jpg 1280w, https:\/\/regenavida.com\/wp-content\/uploads\/2026\/03\/1-300x200.jpg 300w, https:\/\/regenavida.com\/wp-content\/uploads\/2026\/03\/1-1024x682.jpg 1024w, https:\/\/regenavida.com\/wp-content\/uploads\/2026\/03\/1-768x512.jpg 768w\" sizes=\"(max-width: 1280px) 100vw, 1280px\" \/><\/div><\/a>\n\t\t\t\t<div class=\"elementor-post__badge\">Recursos<\/div>\n\t\t\t\t<div class=\"elementor-post__text\">\n\t\t\t\t<h3 class=\"elementor-post__title\">\n\t\t\t<a href=\"https:\/\/regenavida.com\/es\/por-que-los-turistas-medicos-eligen-tijuana-para-la-terapia-con-celulas-madre\/\">\n\t\t\t\tPor qu\u00e9 los turistas m\u00e9dicos eligen Tijuana para la terapia con c\u00e9lulas madre\t\t\t<\/a>\n\t\t<\/h3>\n\t\t\t\t<div class=\"elementor-post__excerpt\">\n\t\t\t<p>La terapia con c\u00e9lulas madre se est\u00e1 convirtiendo en la opci\u00f3n preferida para los pacientes que buscan tratamientos innovadores para diversos problemas, desde enfermedades articulares<\/p>\n\t\t<\/div>\n\t\t\t\t<\/div>\n\t\t\t\t<div class=\"elementor-post__meta-data\">\n\t\t\t\t\t<span class=\"elementor-post-author\">\n\t\t\tRegenaVida\t\t<\/span>\n\t\t\t\t<span class=\"elementor-post-date\">\n\t\t\t30 de marzo de 2026\t\t<\/span>\n\t\t\t\t<\/div>\n\t\t\t\t\t<\/div>\n\t\t<\/article>\n\t\t\t\t<article class=\"elementor-post elementor-grid-item post-59989 post type-post status-publish format-standard has-post-thumbnail hentry category-preguntas-frecuentes-y-mitos-2\" role=\"listitem\">\n\t\t\t<div class=\"elementor-post__card\">\n\t\t\t\t<a class=\"elementor-post__thumbnail__link\" href=\"https:\/\/regenavida.com\/es\/coste-de-la-terapia-con-celulas-madre-en-mexico-frente-a-ee-uu-cual-es-la-diferencia\/\" tabindex=\"-1\"><div class=\"elementor-post__thumbnail\"><img decoding=\"async\" width=\"1280\" height=\"853\" src=\"https:\/\/regenavida.com\/wp-content\/uploads\/2025\/10\/1-Stem-Cell-Therapy-Cost-in-Mexico-vs-the-U.jpg\" class=\"attachment-full size-full wp-image-59991\" alt=\"\" srcset=\"https:\/\/regenavida.com\/wp-content\/uploads\/2025\/10\/1-Stem-Cell-Therapy-Cost-in-Mexico-vs-the-U.jpg 1280w, https:\/\/regenavida.com\/wp-content\/uploads\/2025\/10\/1-Stem-Cell-Therapy-Cost-in-Mexico-vs-the-U-300x200.jpg 300w, https:\/\/regenavida.com\/wp-content\/uploads\/2025\/10\/1-Stem-Cell-Therapy-Cost-in-Mexico-vs-the-U-1024x682.jpg 1024w, https:\/\/regenavida.com\/wp-content\/uploads\/2025\/10\/1-Stem-Cell-Therapy-Cost-in-Mexico-vs-the-U-768x512.jpg 768w\" sizes=\"(max-width: 1280px) 100vw, 1280px\" \/><\/div><\/a>\n\t\t\t\t<div class=\"elementor-post__badge\">Preguntas frecuentes y mitos<\/div>\n\t\t\t\t<div class=\"elementor-post__text\">\n\t\t\t\t<h3 class=\"elementor-post__title\">\n\t\t\t<a href=\"https:\/\/regenavida.com\/es\/coste-de-la-terapia-con-celulas-madre-en-mexico-frente-a-ee-uu-cual-es-la-diferencia\/\">\n\t\t\t\tCoste de la terapia con c\u00e9lulas madre en M\u00e9xico frente a EE. UU.: \u00bfcu\u00e1l es la diferencia?\t\t\t<\/a>\n\t\t<\/h3>\n\t\t\t\t<div class=\"elementor-post__excerpt\">\n\t\t\t<p>La terapia con c\u00e9lulas madre se est\u00e1 convirtiendo cada vez m\u00e1s en uno de los tratamientos m\u00e1s solicitados para casi cualquier problema de salud, desde<\/p>\n\t\t<\/div>\n\t\t\t\t<\/div>\n\t\t\t\t<div class=\"elementor-post__meta-data\">\n\t\t\t\t\t<span class=\"elementor-post-author\">\n\t\t\tRegenaVida\t\t<\/span>\n\t\t\t\t<span class=\"elementor-post-date\">\n\t\t\t4 de marzo de 2026\t\t<\/span>\n\t\t\t\t<\/div>\n\t\t\t\t\t<\/div>\n\t\t<\/article>\n\t\t\t\t<article class=\"elementor-post elementor-grid-item post-61803 post type-post status-publish format-standard has-post-thumbnail hentry category-sin-categoria\" role=\"listitem\">\n\t\t\t<div class=\"elementor-post__card\">\n\t\t\t\t<a class=\"elementor-post__thumbnail__link\" href=\"https:\/\/regenavida.com\/es\/celulas-madre-para-lesiones-deportivas-por-que-los-atletas-viajan-a-mexico-para-su-tratamiento\/\" tabindex=\"-1\"><div class=\"elementor-post__thumbnail\"><img loading=\"lazy\" decoding=\"async\" width=\"1280\" height=\"853\" src=\"https:\/\/regenavida.com\/wp-content\/uploads\/2026\/01\/1-4.jpg\" class=\"attachment-full size-full wp-image-61804\" alt=\"\" srcset=\"https:\/\/regenavida.com\/wp-content\/uploads\/2026\/01\/1-4.jpg 1280w, https:\/\/regenavida.com\/wp-content\/uploads\/2026\/01\/1-4-300x200.jpg 300w, https:\/\/regenavida.com\/wp-content\/uploads\/2026\/01\/1-4-1024x682.jpg 1024w, https:\/\/regenavida.com\/wp-content\/uploads\/2026\/01\/1-4-768x512.jpg 768w\" sizes=\"(max-width: 1280px) 100vw, 1280px\" \/><\/div><\/a>\n\t\t\t\t<div class=\"elementor-post__badge\">Sin categor\u00eda<\/div>\n\t\t\t\t<div class=\"elementor-post__text\">\n\t\t\t\t<h3 class=\"elementor-post__title\">\n\t\t\t<a href=\"https:\/\/regenavida.com\/es\/celulas-madre-para-lesiones-deportivas-por-que-los-atletas-viajan-a-mexico-para-su-tratamiento\/\">\n\t\t\t\tC\u00e9lulas madre para lesiones deportivas: por qu\u00e9 los atletas viajan a M\u00e9xico para su tratamiento\t\t\t<\/a>\n\t\t<\/h3>\n\t\t\t\t<div class=\"elementor-post__excerpt\">\n\t\t\t<p>Las lesiones deportivas son comunes para los atletas de todos los niveles, desde los aficionados de fin de semana hasta los profesionales. Cuando los tratamientos<\/p>\n\t\t<\/div>\n\t\t\t\t<\/div>\n\t\t\t\t<div class=\"elementor-post__meta-data\">\n\t\t\t\t\t<span class=\"elementor-post-author\">\n\t\t\tRegenaVida\t\t<\/span>\n\t\t\t\t<span class=\"elementor-post-date\">\n\t\t\t2 de marzo de 2026\t\t<\/span>\n\t\t\t\t<\/div>\n\t\t\t\t\t<\/div>\n\t\t<\/article>\n\t\t\t\t<article class=\"elementor-post elementor-grid-item post-61677 post type-post status-publish format-standard has-post-thumbnail hentry category-tendencias-del-sector\" role=\"listitem\">\n\t\t\t<div class=\"elementor-post__card\">\n\t\t\t\t<a class=\"elementor-post__thumbnail__link\" href=\"https:\/\/regenavida.com\/es\/el-futuro-de-la-terapia-con-celulas-madre-avances-de-las-clinicas-mexicanas\/\" tabindex=\"-1\"><div class=\"elementor-post__thumbnail\"><img loading=\"lazy\" decoding=\"async\" width=\"1280\" height=\"853\" src=\"https:\/\/regenavida.com\/wp-content\/uploads\/2026\/01\/1-3.jpg\" class=\"attachment-full size-full wp-image-61678\" alt=\"\" srcset=\"https:\/\/regenavida.com\/wp-content\/uploads\/2026\/01\/1-3.jpg 1280w, https:\/\/regenavida.com\/wp-content\/uploads\/2026\/01\/1-3-300x200.jpg 300w, https:\/\/regenavida.com\/wp-content\/uploads\/2026\/01\/1-3-1024x682.jpg 1024w, https:\/\/regenavida.com\/wp-content\/uploads\/2026\/01\/1-3-768x512.jpg 768w\" sizes=\"(max-width: 1280px) 100vw, 1280px\" \/><\/div><\/a>\n\t\t\t\t<div class=\"elementor-post__badge\">Tendencias del sector<\/div>\n\t\t\t\t<div class=\"elementor-post__text\">\n\t\t\t\t<h3 class=\"elementor-post__title\">\n\t\t\t<a href=\"https:\/\/regenavida.com\/es\/el-futuro-de-la-terapia-con-celulas-madre-avances-de-las-clinicas-mexicanas\/\">\n\t\t\t\tEl futuro de la terapia con c\u00e9lulas madre: avances de las cl\u00ednicas mexicanas\t\t\t<\/a>\n\t\t<\/h3>\n\t\t\t\t<div class=\"elementor-post__excerpt\">\n\t\t\t<p>La terapia con c\u00e9lulas madre est\u00e1 transformando la medicina moderna, ofreciendo nuevas esperanzas a pacientes con afecciones cr\u00f3nicas, enfermedades degenerativas y lesiones que antes se<\/p>\n\t\t<\/div>\n\t\t\t\t<\/div>\n\t\t\t\t<div class=\"elementor-post__meta-data\">\n\t\t\t\t\t<span class=\"elementor-post-author\">\n\t\t\tRegenaVida\t\t<\/span>\n\t\t\t\t<span class=\"elementor-post-date\">\n\t\t\t23 de febrero de 2026\t\t<\/span>\n\t\t\t\t<\/div>\n\t\t\t\t\t<\/div>\n\t\t<\/article>\n\t\t\t\t<article class=\"elementor-post elementor-grid-item post-61394 post type-post status-publish format-standard has-post-thumbnail hentry category-sin-categoria\" role=\"listitem\">\n\t\t\t<div class=\"elementor-post__card\">\n\t\t\t\t<a class=\"elementor-post__thumbnail__link\" href=\"https:\/\/regenavida.com\/es\/celulas-madre-para-la-epoc-un-tratamiento-potencialmente-revolucionario-para-la-salud-respiratoria\/\" tabindex=\"-1\"><div class=\"elementor-post__thumbnail\"><img loading=\"lazy\" decoding=\"async\" width=\"1280\" height=\"853\" src=\"https:\/\/regenavida.com\/wp-content\/uploads\/2026\/01\/1-Stem-Cells-for-COPD.jpg\" class=\"attachment-full size-full wp-image-61395\" alt=\"\" srcset=\"https:\/\/regenavida.com\/wp-content\/uploads\/2026\/01\/1-Stem-Cells-for-COPD.jpg 1280w, https:\/\/regenavida.com\/wp-content\/uploads\/2026\/01\/1-Stem-Cells-for-COPD-300x200.jpg 300w, https:\/\/regenavida.com\/wp-content\/uploads\/2026\/01\/1-Stem-Cells-for-COPD-1024x682.jpg 1024w, https:\/\/regenavida.com\/wp-content\/uploads\/2026\/01\/1-Stem-Cells-for-COPD-768x512.jpg 768w\" sizes=\"(max-width: 1280px) 100vw, 1280px\" \/><\/div><\/a>\n\t\t\t\t<div class=\"elementor-post__badge\">Sin categor\u00eda<\/div>\n\t\t\t\t<div class=\"elementor-post__text\">\n\t\t\t\t<h3 class=\"elementor-post__title\">\n\t\t\t<a href=\"https:\/\/regenavida.com\/es\/celulas-madre-para-la-epoc-un-tratamiento-potencialmente-revolucionario-para-la-salud-respiratoria\/\">\n\t\t\t\tC\u00e9lulas madre para la EPOC: un tratamiento potencialmente revolucionario para la salud respiratoria\t\t\t<\/a>\n\t\t<\/h3>\n\t\t\t\t<div class=\"elementor-post__excerpt\">\n\t\t\t<p>La enfermedad pulmonar obstructiva cr\u00f3nica (EPOC) es un trastorno respiratorio que causa dificultad cr\u00f3nica para respirar. La EPOC es una enfermedad progresiva en el sentido<\/p>\n\t\t<\/div>\n\t\t\t\t<\/div>\n\t\t\t\t<div class=\"elementor-post__meta-data\">\n\t\t\t\t\t<span class=\"elementor-post-author\">\n\t\t\tRegenaVida\t\t<\/span>\n\t\t\t\t<span class=\"elementor-post-date\">\n\t\t\t16 de febrero de 2026\t\t<\/span>\n\t\t\t\t<\/div>\n\t\t\t\t\t<\/div>\n\t\t<\/article>\n\t\t\t\t<\/div>\n\t\t\t\t\t<span class=\"e-load-more-spinner\">\n\t\t\t\t<svg aria-hidden=\"true\" class=\"e-font-icon-svg e-fas-spinner\" viewBox=\"0 0 512 512\" xmlns=\"http:\/\/www.w3.org\/2000\/svg\"><path d=\"M304 48c0 26.51-21.49 48-48 48s-48-21.49-48-48 21.49-48 48-48 48 21.49 48 48zm-48 368c-26.51 0-48 21.49-48 48s21.49 48 48 48 48-21.49 48-48-21.49-48-48-48zm208-208c-26.51 0-48 21.49-48 48s21.49 48 48 48 48-21.49 48-48-21.49-48-48-48zM96 256c0-26.51-21.49-48-48-48S0 229.49 0 256s21.49 48 48 48 48-21.49 48-48zm12.922 99.078c-26.51 0-48 21.49-48 48s21.49 48 48 48 48-21.49 48-48c0-26.509-21.491-48-48-48zm294.156 0c-26.51 0-48 21.49-48 48s21.49 48 48 48 48-21.49 48-48c0-26.509-21.49-48-48-48zM108.922 60.922c-26.51 0-48 21.49-48 48s21.49 48 48 48 48-21.49 48-48-21.491-48-48-48z\"><\/path><\/svg>\t\t\t<\/span>\n\t\t\n\t\t\t\t<div class=\"e-load-more-anchor\" data-page=\"1\" data-max-page=\"3\" data-next-page=\"https:\/\/regenavida.com\/es\/wp-json\/wp\/v2\/pages\/60127\/page\/2\/\"><\/div>\n\t\t\t\t<div class=\"e-load-more-message\"><\/div>\n\t\t\t\t\t\t<\/div>\n\t\t\t\t<\/div>\n\t\t\t\t<\/div>\n\t\t\t\t\t<\/div>\n\t\t\t\t<\/div>\n\t\t\t\t<\/div>\n\t\t","protected":false},"excerpt":{"rendered":"<p>Inicio Blog Blog Buscar Buscar<\/p>\n","protected":false},"author":1,"featured_media":0,"parent":0,"menu_order":0,"comment_status":"closed","ping_status":"closed","template":"elementor_header_footer","meta":{"_acf_changed":false,"footnotes":""},"class_list":["post-60127","page","type-page","status-publish","hentry"],"acf":[],"jetpack_sharing_enabled":true,"_links":{"self":[{"href":"https:\/\/regenavida.com\/es\/wp-json\/wp\/v2\/pages\/60127","targetHints":{"allow":["GET"]}}],"collection":[{"href":"https:\/\/regenavida.com\/es\/wp-json\/wp\/v2\/pages"}],"about":[{"href":"https:\/\/regenavida.com\/es\/wp-json\/wp\/v2\/types\/page"}],"author":[{"embeddable":true,"href":"https:\/\/regenavida.com\/es\/wp-json\/wp\/v2\/users\/1"}],"replies":[{"embeddable":true,"href":"https:\/\/regenavida.com\/es\/wp-json\/wp\/v2\/comments?post=60127"}],"version-history":[{"count":0,"href":"https:\/\/regenavida.com\/es\/wp-json\/wp\/v2\/pages\/60127\/revisions"}],"wp:attachment":[{"href":"https:\/\/regenavida.com\/es\/wp-json\/wp\/v2\/media?parent=60127"}],"curies":[{"name":"wp","href":"https:\/\/api.w.org\/{rel}","templated":true}]}}